{"id":2,"date":"2009-07-08T11:03:31","date_gmt":"2009-07-08T09:03:31","guid":{"rendered":"http:\/\/www.pratamedrut.se\/fotoblog\/?page_id=2"},"modified":"2011-06-13T15:36:54","modified_gmt":"2011-06-13T13:36:54","slug":"about","status":"publish","type":"page","link":"http:\/\/www.pratamedrut.se\/blog\/about\/","title":{"rendered":"Kontakt"},"content":{"rendered":"<p>Vem \u00e4r jag och vad \u00e4r detta? Det \u00e4r helt enkelt att s\u00e4tt f\u00f6r mig att kunna visa lite av vad som h\u00e4nder i mitt liv f\u00f6r\u00a0familj och\u00a0v\u00e4nner som inte befinner sig d\u00e4r jag \u00e4r. Men framf\u00f6rallt visar jag upp min kreativa sida genom att blogga om det jag virkar\/syr\/bakar.<\/p>\n<p>Vill du maila mig kan du g\u00f6ra det p\u00e5 <a href=\"mailto:rut@pratamedrut.se\">rut@pratamedrut.se<\/a><\/p>\n","protected":false},"excerpt":{"rendered":"<p>Vem \u00e4r jag och vad \u00e4r detta? Det \u00e4r helt enkelt att s\u00e4tt f\u00f6r mig att kunna visa lite av vad som h\u00e4nder i mitt liv f\u00f6r\u00a0familj och\u00a0v\u00e4nner som inte befinner sig d\u00e4r jag \u00e4r. Men framf\u00f6rallt visar jag upp min kreativa sida genom att blogga om det jag virkar\/syr\/bakar. Vill du maila mig kan<\/p>\n<footer class=\"entry-footer index-entry\">\n<div class=\"post-social pull-left\"><a href=\"https:\/\/www.facebook.com\/sharer\/sharer.php?u=http%3A%2F%2Fwww.pratamedrut.se%2Fblog%2Fabout%2F\" target=\"_blank\" class=\"social-icons\"><i class=\"fa fa-facebook\" aria-hidden=\"true\"><\/i><\/a><a href=\"https:\/\/twitter.com\/home?status=http%3A%2F%2Fwww.pratamedrut.se%2Fblog%2Fabout%2F\" target=\"_blank\" class=\"social-icons\"><i class=\"fa fa-twitter\" aria-hidden=\"true\"><\/i><\/a><a href=\"https:\/\/www.linkedin.com\/shareArticle?mini=true&#038;url=http%3A%2F%2Fwww.pratamedrut.se%2Fblog%2Fabout%2F&#038;title=Kontakt\" target=\"_blank\" class=\"social-icons\"><i class=\"fa fa-linkedin\" aria-hidden=\"true\"><\/i><\/a><\/div>\n<p class=\"link-more\"><a href=\"http:\/\/www.pratamedrut.se\/blog\/about\/\" class=\"more-link\">Continue reading <span class=\"meta-nav\">\u2192<\/span><\/a><\/p>\n<\/footer>\n","protected":false},"author":2,"featured_media":0,"parent":0,"menu_order":0,"comment_status":"open","ping_status":"open","template":"","meta":{"ngg_post_thumbnail":0},"_links":{"self":[{"href":"http:\/\/www.pratamedrut.se\/blog\/wp-json\/wp\/v2\/pages\/2"}],"collection":[{"href":"http:\/\/www.pratamedrut.se\/blog\/wp-json\/wp\/v2\/pages"}],"about":[{"href":"http:\/\/www.pratamedrut.se\/blog\/wp-json\/wp\/v2\/types\/page"}],"author":[{"embeddable":true,"href":"http:\/\/www.pratamedrut.se\/blog\/wp-json\/wp\/v2\/users\/2"}],"replies":[{"embeddable":true,"href":"http:\/\/www.pratamedrut.se\/blog\/wp-json\/wp\/v2\/comments?post=2"}],"version-history":[{"count":2,"href":"http:\/\/www.pratamedrut.se\/blog\/wp-json\/wp\/v2\/pages\/2\/revisions"}],"predecessor-version":[{"id":801,"href":"http:\/\/www.pratamedrut.se\/blog\/wp-json\/wp\/v2\/pages\/2\/revisions\/801"}],"wp:attachment":[{"href":"http:\/\/www.pratamedrut.se\/blog\/wp-json\/wp\/v2\/media?parent=2"}],"curies":[{"name":"wp","href":"https:\/\/api.w.org\/{rel}","templated":true}]}}